{"id":13,"date":"2024-10-27T16:21:45","date_gmt":"2024-10-27T15:21:45","guid":{"rendered":"https:\/\/jambosportsmarketing.com\/servicios\/derechos-de-imagen-de-atletas\/"},"modified":"2024-12-17T11:48:02","modified_gmt":"2024-12-17T10:48:02","slug":"derechos-de-imagen-de-atletas","status":"publish","type":"page","link":"https:\/\/jambosportsmarketing.com\/en\/servicios\/derechos-de-imagen-de-atletas\/","title":{"rendered":"Athlete image rights"},"content":{"rendered":"<p>We are the best partner in the mediation and management of agreements for the use of image rights of athletes. We create emotional bonds uniting fans with celebrities, being the brand the axis of union between them, generating, among other benefits, increased brand awareness.<\/p>\n\n\n\n<ul class=\"wp-block-list\">\n<li>Search for opportunities in Sponsorship and Branded Content agreements for Athletes.<\/li>\n\n\n\n<li>Negotiation of Sponsorship and Branded Content Agreements for Athletes<\/li>\n\n\n\n<li>Creation, development and negotiation of licensing agreements for the Athlete's own \"brand\".<\/li>\n\n\n\n<li>Coordination with the athlete's lawyers in the elaboration of all image assignment and licensing contracts.<\/li>\n\n\n\n<li>Advice to the athlete in the management of the activation of sponsorship agreements, branded content and licenses.<\/li>\n\n\n\n<li>Coordination and management with production companies and sponsors in relation to filming and events that the Athletes must attend.<\/li>\n\n\n\n<li>Monetization of the Athletes' own digital channels.<\/li>\n\n\n\n<li>Generation of \"New Business\" for the Athlete (Documentaries, animation series, etc.).<\/li>\n\n\n\n<li>Advice on the Athlete's own communication strategy and social networks.<\/li>\n<\/ul>\n\n\n\n<p><\/p>","protected":false},"excerpt":{"rendered":"<p>We are the best partner in the mediation and management of agreements for the use of image rights of athletes. We create emotional bonds uniting fans with celebrities, being the brand the axis of union between them, generating, among other benefits, increased brand awareness.<\/p>","protected":false},"author":1,"featured_media":138,"parent":11,"menu_order":1,"comment_status":"closed","ping_status":"closed","template":"","meta":{"_acf_changed":false,"footnotes":""},"class_list":["post-13","page","type-page","status-publish","has-post-thumbnail","hentry"],"acf":[],"yoast_head":"<!-- This site is optimized with the Yoast SEO plugin v23.7 - https:\/\/yoast.com\/wordpress\/plugins\/seo\/ -->\n<title>Derechos de imagen de atletas - Jambo Sports Marketing<\/title>\n<meta name=\"robots\" content=\"index, follow, max-snippet:-1, max-image-preview:large, max-video-preview:-1\" \/>\n<link rel=\"canonical\" href=\"https:\/\/jambosportsmarketing.com\/en\/servicios\/derechos-de-imagen-de-atletas\/\" \/>\n<meta property=\"og:locale\" content=\"en_US\" \/>\n<meta property=\"og:type\" content=\"article\" \/>\n<meta property=\"og:title\" content=\"Derechos de imagen de atletas - Jambo Sports Marketing\" \/>\n<meta property=\"og:description\" content=\"Somos el mejor partner en la mediaci\u00f3n y gesti\u00f3n de acuerdos de uso de derechos de imagen de deportistas. Creamos v\u00ednculos emocionales uniendo a fans con las celebridades, siendo la marca el eje de uni\u00f3n entre ellos, generando, entre otros beneficios, aumento del conocimiento de la marca.\" \/>\n<meta property=\"og:url\" content=\"https:\/\/jambosportsmarketing.com\/en\/servicios\/derechos-de-imagen-de-atletas\/\" \/>\n<meta property=\"og:site_name\" content=\"Jambo Sports Marketing\" \/>\n<meta property=\"article:modified_time\" content=\"2024-12-17T10:48:02+00:00\" \/>\n<meta property=\"og:image\" content=\"https:\/\/jambosportsmarketing.com\/wp-content\/uploads\/2024\/11\/Derechos-de-imagen-jambo.webp\" \/>\n\t<meta property=\"og:image:width\" content=\"493\" \/>\n\t<meta property=\"og:image:height\" content=\"1024\" \/>\n\t<meta property=\"og:image:type\" content=\"image\/webp\" \/>\n<meta name=\"twitter:card\" content=\"summary_large_image\" \/>\n<meta name=\"twitter:label1\" content=\"Est. reading time\" \/>\n\t<meta name=\"twitter:data1\" content=\"2 minutes\" \/>\n<script type=\"application\/ld+json\" class=\"yoast-schema-graph\">{\"@context\":\"https:\/\/schema.org\",\"@graph\":[{\"@type\":\"WebPage\",\"@id\":\"https:\/\/jambosportsmarketing.com\/servicios\/derechos-de-imagen-de-atletas\/\",\"url\":\"https:\/\/jambosportsmarketing.com\/servicios\/derechos-de-imagen-de-atletas\/\",\"name\":\"Derechos de imagen de atletas - Jambo Sports Marketing\",\"isPartOf\":{\"@id\":\"https:\/\/jambosportsmarketing.com\/en\/#website\"},\"primaryImageOfPage\":{\"@id\":\"https:\/\/jambosportsmarketing.com\/servicios\/derechos-de-imagen-de-atletas\/#primaryimage\"},\"image\":{\"@id\":\"https:\/\/jambosportsmarketing.com\/servicios\/derechos-de-imagen-de-atletas\/#primaryimage\"},\"thumbnailUrl\":\"https:\/\/jambosportsmarketing.com\/wp-content\/uploads\/2024\/11\/Derechos-de-imagen-jambo.webp\",\"datePublished\":\"2024-10-27T15:21:45+00:00\",\"dateModified\":\"2024-12-17T10:48:02+00:00\",\"breadcrumb\":{\"@id\":\"https:\/\/jambosportsmarketing.com\/servicios\/derechos-de-imagen-de-atletas\/#breadcrumb\"},\"inLanguage\":\"en-US\",\"potentialAction\":[{\"@type\":\"ReadAction\",\"target\":[\"https:\/\/jambosportsmarketing.com\/servicios\/derechos-de-imagen-de-atletas\/\"]}]},{\"@type\":\"ImageObject\",\"inLanguage\":\"en-US\",\"@id\":\"https:\/\/jambosportsmarketing.com\/servicios\/derechos-de-imagen-de-atletas\/#primaryimage\",\"url\":\"https:\/\/jambosportsmarketing.com\/wp-content\/uploads\/2024\/11\/Derechos-de-imagen-jambo.webp\",\"contentUrl\":\"https:\/\/jambosportsmarketing.com\/wp-content\/uploads\/2024\/11\/Derechos-de-imagen-jambo.webp\",\"width\":493,\"height\":1024,\"caption\":\"Derechos de imagen jambo\"},{\"@type\":\"BreadcrumbList\",\"@id\":\"https:\/\/jambosportsmarketing.com\/servicios\/derechos-de-imagen-de-atletas\/#breadcrumb\",\"itemListElement\":[{\"@type\":\"ListItem\",\"position\":1,\"name\":\"Portada\",\"item\":\"https:\/\/jambosportsmarketing.com\/en\/\"},{\"@type\":\"ListItem\",\"position\":2,\"name\":\"Servicios\",\"item\":\"https:\/\/jambosportsmarketing.com\/servicios\/\"},{\"@type\":\"ListItem\",\"position\":3,\"name\":\"Derechos de imagen de atletas\"}]},{\"@type\":\"WebSite\",\"@id\":\"https:\/\/jambosportsmarketing.com\/en\/#website\",\"url\":\"https:\/\/jambosportsmarketing.com\/en\/\",\"name\":\"Jambo Sports Marketing\",\"description\":\"\",\"potentialAction\":[{\"@type\":\"SearchAction\",\"target\":{\"@type\":\"EntryPoint\",\"urlTemplate\":\"https:\/\/jambosportsmarketing.com\/en\/?s={search_term_string}\"},\"query-input\":{\"@type\":\"PropertyValueSpecification\",\"valueRequired\":true,\"valueName\":\"search_term_string\"}}],\"inLanguage\":\"en-US\"}]}<\/script>\n<!-- \/ Yoast SEO plugin. -->","yoast_head_json":{"title":"Derechos de imagen de atletas - Jambo Sports Marketing","robots":{"index":"index","follow":"follow","max-snippet":"max-snippet:-1","max-image-preview":"max-image-preview:large","max-video-preview":"max-video-preview:-1"},"canonical":"https:\/\/jambosportsmarketing.com\/en\/servicios\/derechos-de-imagen-de-atletas\/","og_locale":"en_US","og_type":"article","og_title":"Derechos de imagen de atletas - Jambo Sports Marketing","og_description":"Somos el mejor partner en la mediaci\u00f3n y gesti\u00f3n de acuerdos de uso de derechos de imagen de deportistas. Creamos v\u00ednculos emocionales uniendo a fans con las celebridades, siendo la marca el eje de uni\u00f3n entre ellos, generando, entre otros beneficios, aumento del conocimiento de la marca.","og_url":"https:\/\/jambosportsmarketing.com\/en\/servicios\/derechos-de-imagen-de-atletas\/","og_site_name":"Jambo Sports Marketing","article_modified_time":"2024-12-17T10:48:02+00:00","og_image":[{"width":493,"height":1024,"url":"https:\/\/jambosportsmarketing.com\/wp-content\/uploads\/2024\/11\/Derechos-de-imagen-jambo.webp","type":"image\/webp"}],"twitter_card":"summary_large_image","twitter_misc":{"Est. reading time":"2 minutes"},"schema":{"@context":"https:\/\/schema.org","@graph":[{"@type":"WebPage","@id":"https:\/\/jambosportsmarketing.com\/servicios\/derechos-de-imagen-de-atletas\/","url":"https:\/\/jambosportsmarketing.com\/servicios\/derechos-de-imagen-de-atletas\/","name":"Derechos de imagen de atletas - Jambo Sports Marketing","isPartOf":{"@id":"https:\/\/jambosportsmarketing.com\/en\/#website"},"primaryImageOfPage":{"@id":"https:\/\/jambosportsmarketing.com\/servicios\/derechos-de-imagen-de-atletas\/#primaryimage"},"image":{"@id":"https:\/\/jambosportsmarketing.com\/servicios\/derechos-de-imagen-de-atletas\/#primaryimage"},"thumbnailUrl":"https:\/\/jambosportsmarketing.com\/wp-content\/uploads\/2024\/11\/Derechos-de-imagen-jambo.webp","datePublished":"2024-10-27T15:21:45+00:00","dateModified":"2024-12-17T10:48:02+00:00","breadcrumb":{"@id":"https:\/\/jambosportsmarketing.com\/servicios\/derechos-de-imagen-de-atletas\/#breadcrumb"},"inLanguage":"en-US","potentialAction":[{"@type":"ReadAction","target":["https:\/\/jambosportsmarketing.com\/servicios\/derechos-de-imagen-de-atletas\/"]}]},{"@type":"ImageObject","inLanguage":"en-US","@id":"https:\/\/jambosportsmarketing.com\/servicios\/derechos-de-imagen-de-atletas\/#primaryimage","url":"https:\/\/jambosportsmarketing.com\/wp-content\/uploads\/2024\/11\/Derechos-de-imagen-jambo.webp","contentUrl":"https:\/\/jambosportsmarketing.com\/wp-content\/uploads\/2024\/11\/Derechos-de-imagen-jambo.webp","width":493,"height":1024,"caption":"Derechos de imagen jambo"},{"@type":"BreadcrumbList","@id":"https:\/\/jambosportsmarketing.com\/servicios\/derechos-de-imagen-de-atletas\/#breadcrumb","itemListElement":[{"@type":"ListItem","position":1,"name":"Portada","item":"https:\/\/jambosportsmarketing.com\/en\/"},{"@type":"ListItem","position":2,"name":"Servicios","item":"https:\/\/jambosportsmarketing.com\/servicios\/"},{"@type":"ListItem","position":3,"name":"Derechos de imagen de atletas"}]},{"@type":"WebSite","@id":"https:\/\/jambosportsmarketing.com\/en\/#website","url":"https:\/\/jambosportsmarketing.com\/en\/","name":"Jambo Sports Marketing","description":"","potentialAction":[{"@type":"SearchAction","target":{"@type":"EntryPoint","urlTemplate":"https:\/\/jambosportsmarketing.com\/en\/?s={search_term_string}"},"query-input":{"@type":"PropertyValueSpecification","valueRequired":true,"valueName":"search_term_string"}}],"inLanguage":"en-US"}]}},"_links":{"self":[{"href":"https:\/\/jambosportsmarketing.com\/en\/wp-json\/wp\/v2\/pages\/13","targetHints":{"allow":["GET"]}}],"collection":[{"href":"https:\/\/jambosportsmarketing.com\/en\/wp-json\/wp\/v2\/pages"}],"about":[{"href":"https:\/\/jambosportsmarketing.com\/en\/wp-json\/wp\/v2\/types\/page"}],"author":[{"embeddable":true,"href":"https:\/\/jambosportsmarketing.com\/en\/wp-json\/wp\/v2\/users\/1"}],"replies":[{"embeddable":true,"href":"https:\/\/jambosportsmarketing.com\/en\/wp-json\/wp\/v2\/comments?post=13"}],"version-history":[{"count":4,"href":"https:\/\/jambosportsmarketing.com\/en\/wp-json\/wp\/v2\/pages\/13\/revisions"}],"predecessor-version":[{"id":299,"href":"https:\/\/jambosportsmarketing.com\/en\/wp-json\/wp\/v2\/pages\/13\/revisions\/299"}],"up":[{"embeddable":true,"href":"https:\/\/jambosportsmarketing.com\/en\/wp-json\/wp\/v2\/pages\/11"}],"wp:featuredmedia":[{"embeddable":true,"href":"https:\/\/jambosportsmarketing.com\/en\/wp-json\/wp\/v2\/media\/138"}],"wp:attachment":[{"href":"https:\/\/jambosportsmarketing.com\/en\/wp-json\/wp\/v2\/media?parent=13"}],"curies":[{"name":"wp","href":"https:\/\/api.w.org\/{rel}","templated":true}]}}