{"id":15,"date":"2024-10-27T16:21:45","date_gmt":"2024-10-27T15:21:45","guid":{"rendered":"https:\/\/jambosportsmarketing.com\/servicios\/consultoria-estrategica-para-marcas\/"},"modified":"2024-11-14T13:14:22","modified_gmt":"2024-11-14T12:14:22","slug":"consultoria-estrategica-para-marcas","status":"publish","type":"page","link":"https:\/\/jambosportsmarketing.com\/en\/servicios\/consultoria-estrategica-para-marcas\/","title":{"rendered":"Strategic consulting for brands"},"content":{"rendered":"<p>We generate brand content for their fans and generate fans for brands. We help grow brands' products and services through stories, creating symbols or leveraging the ID of a celebrity, a sports team or a competition.<\/p>\n\n\n\n<p>Strategic Consulting:<\/p>\n\n\n\n<ul class=\"wp-block-list\">\n<li>Specialists in helping brands stay connected with fans through sports, e-sports and gaming.<\/li>\n\n\n\n<li>Research and analysis: Design a plan, translating data into conclusions and opportunities.<\/li>\n\n\n\n<li>To devise products and services capable of being communication assets.<\/li>\n\n\n\n<li>Define strategic pillars through a proprietary methodology according to each client.<\/li>\n\n\n\n<li>Search for how brands should relate to their audiences (with their fans), beyond a campaign.<\/li>\n<\/ul>\n\n\n\n<p>Activations in sponsorship agreements:<\/p>\n\n\n\n<ul class=\"wp-block-list\">\n<li>We activate all types of sponsorship agreements that cover the entire scope from the conceptualization<br>to complete execution.<\/li>\n\n\n\n<li>A sponsorship deal will not be profitable enough without good rights activation<br>acquired by the brand.<\/li>\n<\/ul>","protected":false},"excerpt":{"rendered":"<p>We generate brand content for their fans and generate fans for brands. We help grow brands' products and services through stories, creating symbols or leveraging the ID of a celebrity, a sports team or a competition. Strategic Consulting: Activations in sponsorship agreements:<\/p>","protected":false},"author":1,"featured_media":134,"parent":11,"menu_order":4,"comment_status":"closed","ping_status":"closed","template":"","meta":{"_acf_changed":false,"footnotes":""},"class_list":["post-15","page","type-page","status-publish","has-post-thumbnail","hentry"],"acf":[],"yoast_head":"<!-- This site is optimized with the Yoast SEO plugin v23.7 - https:\/\/yoast.com\/wordpress\/plugins\/seo\/ -->\n<title>Consultor\u00eda estrat\u00e9gica para marcas - Jambo Sports Marketing<\/title>\n<meta name=\"robots\" content=\"index, follow, max-snippet:-1, max-image-preview:large, max-video-preview:-1\" \/>\n<link rel=\"canonical\" href=\"https:\/\/jambosportsmarketing.com\/en\/servicios\/consultoria-estrategica-para-marcas\/\" \/>\n<meta property=\"og:locale\" content=\"en_US\" \/>\n<meta property=\"og:type\" content=\"article\" \/>\n<meta property=\"og:title\" content=\"Consultor\u00eda estrat\u00e9gica para marcas - Jambo Sports Marketing\" \/>\n<meta property=\"og:description\" content=\"Generamos contenidos de marcas para sus fans y generamos fans para las marcas. Ayudamos a hacer crecer los productos y servicios de las marcas a trav\u00e9s de historias, creando s\u00edmbolos o aprovechando el ID de una celebridad, un equipo deportivo o una competici\u00f3n. Consultor\u00eda Estrat\u00e9gica: Activaciones en acuerdos de patrocinio:\" \/>\n<meta property=\"og:url\" content=\"https:\/\/jambosportsmarketing.com\/en\/servicios\/consultoria-estrategica-para-marcas\/\" \/>\n<meta property=\"og:site_name\" content=\"Jambo Sports Marketing\" \/>\n<meta property=\"article:modified_time\" content=\"2024-11-14T12:14:22+00:00\" \/>\n<meta property=\"og:image\" content=\"https:\/\/jambosportsmarketing.com\/wp-content\/uploads\/2024\/11\/Consultoria-estrategica-jambo.webp\" \/>\n\t<meta property=\"og:image:width\" content=\"493\" \/>\n\t<meta property=\"og:image:height\" content=\"1024\" \/>\n\t<meta property=\"og:image:type\" content=\"image\/webp\" \/>\n<meta name=\"twitter:card\" content=\"summary_large_image\" \/>\n<meta name=\"twitter:label1\" content=\"Est. reading time\" \/>\n\t<meta name=\"twitter:data1\" content=\"1 minute\" \/>\n<script type=\"application\/ld+json\" class=\"yoast-schema-graph\">{\"@context\":\"https:\/\/schema.org\",\"@graph\":[{\"@type\":\"WebPage\",\"@id\":\"https:\/\/jambosportsmarketing.com\/servicios\/consultoria-estrategica-para-marcas\/\",\"url\":\"https:\/\/jambosportsmarketing.com\/servicios\/consultoria-estrategica-para-marcas\/\",\"name\":\"Consultor\u00eda estrat\u00e9gica para marcas - Jambo Sports Marketing\",\"isPartOf\":{\"@id\":\"https:\/\/jambosportsmarketing.com\/en\/#website\"},\"primaryImageOfPage\":{\"@id\":\"https:\/\/jambosportsmarketing.com\/servicios\/consultoria-estrategica-para-marcas\/#primaryimage\"},\"image\":{\"@id\":\"https:\/\/jambosportsmarketing.com\/servicios\/consultoria-estrategica-para-marcas\/#primaryimage\"},\"thumbnailUrl\":\"https:\/\/jambosportsmarketing.com\/wp-content\/uploads\/2024\/11\/Consultoria-estrategica-jambo.webp\",\"datePublished\":\"2024-10-27T15:21:45+00:00\",\"dateModified\":\"2024-11-14T12:14:22+00:00\",\"breadcrumb\":{\"@id\":\"https:\/\/jambosportsmarketing.com\/servicios\/consultoria-estrategica-para-marcas\/#breadcrumb\"},\"inLanguage\":\"en-US\",\"potentialAction\":[{\"@type\":\"ReadAction\",\"target\":[\"https:\/\/jambosportsmarketing.com\/servicios\/consultoria-estrategica-para-marcas\/\"]}]},{\"@type\":\"ImageObject\",\"inLanguage\":\"en-US\",\"@id\":\"https:\/\/jambosportsmarketing.com\/servicios\/consultoria-estrategica-para-marcas\/#primaryimage\",\"url\":\"https:\/\/jambosportsmarketing.com\/wp-content\/uploads\/2024\/11\/Consultoria-estrategica-jambo.webp\",\"contentUrl\":\"https:\/\/jambosportsmarketing.com\/wp-content\/uploads\/2024\/11\/Consultoria-estrategica-jambo.webp\",\"width\":493,\"height\":1024,\"caption\":\"Consultoria estrategica jambo\"},{\"@type\":\"BreadcrumbList\",\"@id\":\"https:\/\/jambosportsmarketing.com\/servicios\/consultoria-estrategica-para-marcas\/#breadcrumb\",\"itemListElement\":[{\"@type\":\"ListItem\",\"position\":1,\"name\":\"Portada\",\"item\":\"https:\/\/jambosportsmarketing.com\/en\/\"},{\"@type\":\"ListItem\",\"position\":2,\"name\":\"Servicios\",\"item\":\"https:\/\/jambosportsmarketing.com\/servicios\/\"},{\"@type\":\"ListItem\",\"position\":3,\"name\":\"Consultor\u00eda estrat\u00e9gica para marcas\"}]},{\"@type\":\"WebSite\",\"@id\":\"https:\/\/jambosportsmarketing.com\/en\/#website\",\"url\":\"https:\/\/jambosportsmarketing.com\/en\/\",\"name\":\"Jambo Sports Marketing\",\"description\":\"\",\"potentialAction\":[{\"@type\":\"SearchAction\",\"target\":{\"@type\":\"EntryPoint\",\"urlTemplate\":\"https:\/\/jambosportsmarketing.com\/en\/?s={search_term_string}\"},\"query-input\":{\"@type\":\"PropertyValueSpecification\",\"valueRequired\":true,\"valueName\":\"search_term_string\"}}],\"inLanguage\":\"en-US\"}]}<\/script>\n<!-- \/ Yoast SEO plugin. -->","yoast_head_json":{"title":"Consultor\u00eda estrat\u00e9gica para marcas - Jambo Sports Marketing","robots":{"index":"index","follow":"follow","max-snippet":"max-snippet:-1","max-image-preview":"max-image-preview:large","max-video-preview":"max-video-preview:-1"},"canonical":"https:\/\/jambosportsmarketing.com\/en\/servicios\/consultoria-estrategica-para-marcas\/","og_locale":"en_US","og_type":"article","og_title":"Consultor\u00eda estrat\u00e9gica para marcas - Jambo Sports Marketing","og_description":"Generamos contenidos de marcas para sus fans y generamos fans para las marcas. Ayudamos a hacer crecer los productos y servicios de las marcas a trav\u00e9s de historias, creando s\u00edmbolos o aprovechando el ID de una celebridad, un equipo deportivo o una competici\u00f3n. Consultor\u00eda Estrat\u00e9gica: Activaciones en acuerdos de patrocinio:","og_url":"https:\/\/jambosportsmarketing.com\/en\/servicios\/consultoria-estrategica-para-marcas\/","og_site_name":"Jambo Sports Marketing","article_modified_time":"2024-11-14T12:14:22+00:00","og_image":[{"width":493,"height":1024,"url":"https:\/\/jambosportsmarketing.com\/wp-content\/uploads\/2024\/11\/Consultoria-estrategica-jambo.webp","type":"image\/webp"}],"twitter_card":"summary_large_image","twitter_misc":{"Est. reading time":"1 minute"},"schema":{"@context":"https:\/\/schema.org","@graph":[{"@type":"WebPage","@id":"https:\/\/jambosportsmarketing.com\/servicios\/consultoria-estrategica-para-marcas\/","url":"https:\/\/jambosportsmarketing.com\/servicios\/consultoria-estrategica-para-marcas\/","name":"Consultor\u00eda estrat\u00e9gica para marcas - Jambo Sports Marketing","isPartOf":{"@id":"https:\/\/jambosportsmarketing.com\/en\/#website"},"primaryImageOfPage":{"@id":"https:\/\/jambosportsmarketing.com\/servicios\/consultoria-estrategica-para-marcas\/#primaryimage"},"image":{"@id":"https:\/\/jambosportsmarketing.com\/servicios\/consultoria-estrategica-para-marcas\/#primaryimage"},"thumbnailUrl":"https:\/\/jambosportsmarketing.com\/wp-content\/uploads\/2024\/11\/Consultoria-estrategica-jambo.webp","datePublished":"2024-10-27T15:21:45+00:00","dateModified":"2024-11-14T12:14:22+00:00","breadcrumb":{"@id":"https:\/\/jambosportsmarketing.com\/servicios\/consultoria-estrategica-para-marcas\/#breadcrumb"},"inLanguage":"en-US","potentialAction":[{"@type":"ReadAction","target":["https:\/\/jambosportsmarketing.com\/servicios\/consultoria-estrategica-para-marcas\/"]}]},{"@type":"ImageObject","inLanguage":"en-US","@id":"https:\/\/jambosportsmarketing.com\/servicios\/consultoria-estrategica-para-marcas\/#primaryimage","url":"https:\/\/jambosportsmarketing.com\/wp-content\/uploads\/2024\/11\/Consultoria-estrategica-jambo.webp","contentUrl":"https:\/\/jambosportsmarketing.com\/wp-content\/uploads\/2024\/11\/Consultoria-estrategica-jambo.webp","width":493,"height":1024,"caption":"Consultoria estrategica jambo"},{"@type":"BreadcrumbList","@id":"https:\/\/jambosportsmarketing.com\/servicios\/consultoria-estrategica-para-marcas\/#breadcrumb","itemListElement":[{"@type":"ListItem","position":1,"name":"Portada","item":"https:\/\/jambosportsmarketing.com\/en\/"},{"@type":"ListItem","position":2,"name":"Servicios","item":"https:\/\/jambosportsmarketing.com\/servicios\/"},{"@type":"ListItem","position":3,"name":"Consultor\u00eda estrat\u00e9gica para marcas"}]},{"@type":"WebSite","@id":"https:\/\/jambosportsmarketing.com\/en\/#website","url":"https:\/\/jambosportsmarketing.com\/en\/","name":"Jambo Sports Marketing","description":"","potentialAction":[{"@type":"SearchAction","target":{"@type":"EntryPoint","urlTemplate":"https:\/\/jambosportsmarketing.com\/en\/?s={search_term_string}"},"query-input":{"@type":"PropertyValueSpecification","valueRequired":true,"valueName":"search_term_string"}}],"inLanguage":"en-US"}]}},"_links":{"self":[{"href":"https:\/\/jambosportsmarketing.com\/en\/wp-json\/wp\/v2\/pages\/15","targetHints":{"allow":["GET"]}}],"collection":[{"href":"https:\/\/jambosportsmarketing.com\/en\/wp-json\/wp\/v2\/pages"}],"about":[{"href":"https:\/\/jambosportsmarketing.com\/en\/wp-json\/wp\/v2\/types\/page"}],"author":[{"embeddable":true,"href":"https:\/\/jambosportsmarketing.com\/en\/wp-json\/wp\/v2\/users\/1"}],"replies":[{"embeddable":true,"href":"https:\/\/jambosportsmarketing.com\/en\/wp-json\/wp\/v2\/comments?post=15"}],"version-history":[{"count":1,"href":"https:\/\/jambosportsmarketing.com\/en\/wp-json\/wp\/v2\/pages\/15\/revisions"}],"predecessor-version":[{"id":19,"href":"https:\/\/jambosportsmarketing.com\/en\/wp-json\/wp\/v2\/pages\/15\/revisions\/19"}],"up":[{"embeddable":true,"href":"https:\/\/jambosportsmarketing.com\/en\/wp-json\/wp\/v2\/pages\/11"}],"wp:featuredmedia":[{"embeddable":true,"href":"https:\/\/jambosportsmarketing.com\/en\/wp-json\/wp\/v2\/media\/134"}],"wp:attachment":[{"href":"https:\/\/jambosportsmarketing.com\/en\/wp-json\/wp\/v2\/media?parent=15"}],"curies":[{"name":"wp","href":"https:\/\/api.w.org\/{rel}","templated":true}]}}