{"id":16,"date":"2024-10-27T16:21:45","date_gmt":"2024-10-27T15:21:45","guid":{"rendered":"https:\/\/jambosportsmarketing.com\/servicios\/produccion\/"},"modified":"2024-12-17T11:50:59","modified_gmt":"2024-12-17T10:50:59","slug":"produccion","status":"publish","type":"page","link":"https:\/\/jambosportsmarketing.com\/en\/servicios\/produccion\/","title":{"rendered":"Production"},"content":{"rendered":"<p>We help teams improve and optimize the organization and production of shoots and events between sponsors and professional athletes and influencers, to make life easier for brands and celebrity.<\/p>\n\n\n\n<p>With 20 years of experience in the sector, we have worked in the most relevant productions in the world of sports and entertainment.<\/p>\n\n\n\n<p>We are partners of 525 Rosario Production Company (Smuggler Production Company) in the USA.<\/p>","protected":false},"excerpt":{"rendered":"<p>We help teams to improve and optimize the organization and production of shoots and events between sponsors and professional athletes and influencers, to make life easier for brands and celebrities. With 20 years of experience in the industry, we are battle-hardened and have worked on the most relevant productions [...]<\/p>","protected":false},"author":1,"featured_media":133,"parent":11,"menu_order":5,"comment_status":"closed","ping_status":"closed","template":"","meta":{"_acf_changed":false,"footnotes":""},"class_list":["post-16","page","type-page","status-publish","has-post-thumbnail","hentry"],"acf":[],"yoast_head":"<!-- This site is optimized with the Yoast SEO plugin v23.7 - https:\/\/yoast.com\/wordpress\/plugins\/seo\/ -->\n<title>Producci\u00f3n - Jambo Sports Marketing<\/title>\n<meta name=\"robots\" content=\"index, follow, max-snippet:-1, max-image-preview:large, max-video-preview:-1\" \/>\n<link rel=\"canonical\" href=\"https:\/\/jambosportsmarketing.com\/en\/servicios\/produccion\/\" \/>\n<meta property=\"og:locale\" content=\"en_US\" \/>\n<meta property=\"og:type\" content=\"article\" \/>\n<meta property=\"og:title\" content=\"Producci\u00f3n - Jambo Sports Marketing\" \/>\n<meta property=\"og:description\" content=\"Ayudamos a los equipos a mejorar y optimizar la organizaci\u00f3n y producci\u00f3n de rodajes y eventos entre los patrocinadores y los deportistas profesionales e influencers, para hacer la vida m\u00e1s f\u00e1cil a las marcas y a la celebridad. 20 a\u00f1os de experiencia en el sector, somos aguerridos y hemos trabajado en las producciones m\u00e1s relevantes [&hellip;]\" \/>\n<meta property=\"og:url\" content=\"https:\/\/jambosportsmarketing.com\/en\/servicios\/produccion\/\" \/>\n<meta property=\"og:site_name\" content=\"Jambo Sports Marketing\" \/>\n<meta property=\"article:modified_time\" content=\"2024-12-17T10:50:59+00:00\" \/>\n<meta property=\"og:image\" content=\"https:\/\/jambosportsmarketing.com\/wp-content\/uploads\/2024\/11\/produccion_jambo.webp\" \/>\n\t<meta property=\"og:image:width\" content=\"493\" \/>\n\t<meta property=\"og:image:height\" content=\"1024\" \/>\n\t<meta property=\"og:image:type\" content=\"image\/webp\" \/>\n<meta name=\"twitter:card\" content=\"summary_large_image\" \/>\n<meta name=\"twitter:label1\" content=\"Est. reading time\" \/>\n\t<meta name=\"twitter:data1\" content=\"1 minute\" \/>\n<script type=\"application\/ld+json\" class=\"yoast-schema-graph\">{\"@context\":\"https:\/\/schema.org\",\"@graph\":[{\"@type\":\"WebPage\",\"@id\":\"https:\/\/jambosportsmarketing.com\/servicios\/produccion\/\",\"url\":\"https:\/\/jambosportsmarketing.com\/servicios\/produccion\/\",\"name\":\"Producci\u00f3n - Jambo Sports Marketing\",\"isPartOf\":{\"@id\":\"https:\/\/jambosportsmarketing.com\/en\/#website\"},\"primaryImageOfPage\":{\"@id\":\"https:\/\/jambosportsmarketing.com\/servicios\/produccion\/#primaryimage\"},\"image\":{\"@id\":\"https:\/\/jambosportsmarketing.com\/servicios\/produccion\/#primaryimage\"},\"thumbnailUrl\":\"https:\/\/jambosportsmarketing.com\/wp-content\/uploads\/2024\/11\/produccion_jambo.webp\",\"datePublished\":\"2024-10-27T15:21:45+00:00\",\"dateModified\":\"2024-12-17T10:50:59+00:00\",\"breadcrumb\":{\"@id\":\"https:\/\/jambosportsmarketing.com\/servicios\/produccion\/#breadcrumb\"},\"inLanguage\":\"en-US\",\"potentialAction\":[{\"@type\":\"ReadAction\",\"target\":[\"https:\/\/jambosportsmarketing.com\/servicios\/produccion\/\"]}]},{\"@type\":\"ImageObject\",\"inLanguage\":\"en-US\",\"@id\":\"https:\/\/jambosportsmarketing.com\/servicios\/produccion\/#primaryimage\",\"url\":\"https:\/\/jambosportsmarketing.com\/wp-content\/uploads\/2024\/11\/produccion_jambo.webp\",\"contentUrl\":\"https:\/\/jambosportsmarketing.com\/wp-content\/uploads\/2024\/11\/produccion_jambo.webp\",\"width\":493,\"height\":1024,\"caption\":\"Producci\u00f3n jambo\"},{\"@type\":\"BreadcrumbList\",\"@id\":\"https:\/\/jambosportsmarketing.com\/servicios\/produccion\/#breadcrumb\",\"itemListElement\":[{\"@type\":\"ListItem\",\"position\":1,\"name\":\"Portada\",\"item\":\"https:\/\/jambosportsmarketing.com\/en\/\"},{\"@type\":\"ListItem\",\"position\":2,\"name\":\"Servicios\",\"item\":\"https:\/\/jambosportsmarketing.com\/servicios\/\"},{\"@type\":\"ListItem\",\"position\":3,\"name\":\"Producci\u00f3n\"}]},{\"@type\":\"WebSite\",\"@id\":\"https:\/\/jambosportsmarketing.com\/en\/#website\",\"url\":\"https:\/\/jambosportsmarketing.com\/en\/\",\"name\":\"Jambo Sports Marketing\",\"description\":\"\",\"potentialAction\":[{\"@type\":\"SearchAction\",\"target\":{\"@type\":\"EntryPoint\",\"urlTemplate\":\"https:\/\/jambosportsmarketing.com\/en\/?s={search_term_string}\"},\"query-input\":{\"@type\":\"PropertyValueSpecification\",\"valueRequired\":true,\"valueName\":\"search_term_string\"}}],\"inLanguage\":\"en-US\"}]}<\/script>\n<!-- \/ Yoast SEO plugin. -->","yoast_head_json":{"title":"Producci\u00f3n - Jambo Sports Marketing","robots":{"index":"index","follow":"follow","max-snippet":"max-snippet:-1","max-image-preview":"max-image-preview:large","max-video-preview":"max-video-preview:-1"},"canonical":"https:\/\/jambosportsmarketing.com\/en\/servicios\/produccion\/","og_locale":"en_US","og_type":"article","og_title":"Producci\u00f3n - Jambo Sports Marketing","og_description":"Ayudamos a los equipos a mejorar y optimizar la organizaci\u00f3n y producci\u00f3n de rodajes y eventos entre los patrocinadores y los deportistas profesionales e influencers, para hacer la vida m\u00e1s f\u00e1cil a las marcas y a la celebridad. 20 a\u00f1os de experiencia en el sector, somos aguerridos y hemos trabajado en las producciones m\u00e1s relevantes [&hellip;]","og_url":"https:\/\/jambosportsmarketing.com\/en\/servicios\/produccion\/","og_site_name":"Jambo Sports Marketing","article_modified_time":"2024-12-17T10:50:59+00:00","og_image":[{"width":493,"height":1024,"url":"https:\/\/jambosportsmarketing.com\/wp-content\/uploads\/2024\/11\/produccion_jambo.webp","type":"image\/webp"}],"twitter_card":"summary_large_image","twitter_misc":{"Est. reading time":"1 minute"},"schema":{"@context":"https:\/\/schema.org","@graph":[{"@type":"WebPage","@id":"https:\/\/jambosportsmarketing.com\/servicios\/produccion\/","url":"https:\/\/jambosportsmarketing.com\/servicios\/produccion\/","name":"Producci\u00f3n - Jambo Sports Marketing","isPartOf":{"@id":"https:\/\/jambosportsmarketing.com\/en\/#website"},"primaryImageOfPage":{"@id":"https:\/\/jambosportsmarketing.com\/servicios\/produccion\/#primaryimage"},"image":{"@id":"https:\/\/jambosportsmarketing.com\/servicios\/produccion\/#primaryimage"},"thumbnailUrl":"https:\/\/jambosportsmarketing.com\/wp-content\/uploads\/2024\/11\/produccion_jambo.webp","datePublished":"2024-10-27T15:21:45+00:00","dateModified":"2024-12-17T10:50:59+00:00","breadcrumb":{"@id":"https:\/\/jambosportsmarketing.com\/servicios\/produccion\/#breadcrumb"},"inLanguage":"en-US","potentialAction":[{"@type":"ReadAction","target":["https:\/\/jambosportsmarketing.com\/servicios\/produccion\/"]}]},{"@type":"ImageObject","inLanguage":"en-US","@id":"https:\/\/jambosportsmarketing.com\/servicios\/produccion\/#primaryimage","url":"https:\/\/jambosportsmarketing.com\/wp-content\/uploads\/2024\/11\/produccion_jambo.webp","contentUrl":"https:\/\/jambosportsmarketing.com\/wp-content\/uploads\/2024\/11\/produccion_jambo.webp","width":493,"height":1024,"caption":"Producci\u00f3n jambo"},{"@type":"BreadcrumbList","@id":"https:\/\/jambosportsmarketing.com\/servicios\/produccion\/#breadcrumb","itemListElement":[{"@type":"ListItem","position":1,"name":"Portada","item":"https:\/\/jambosportsmarketing.com\/en\/"},{"@type":"ListItem","position":2,"name":"Servicios","item":"https:\/\/jambosportsmarketing.com\/servicios\/"},{"@type":"ListItem","position":3,"name":"Producci\u00f3n"}]},{"@type":"WebSite","@id":"https:\/\/jambosportsmarketing.com\/en\/#website","url":"https:\/\/jambosportsmarketing.com\/en\/","name":"Jambo Sports Marketing","description":"","potentialAction":[{"@type":"SearchAction","target":{"@type":"EntryPoint","urlTemplate":"https:\/\/jambosportsmarketing.com\/en\/?s={search_term_string}"},"query-input":{"@type":"PropertyValueSpecification","valueRequired":true,"valueName":"search_term_string"}}],"inLanguage":"en-US"}]}},"_links":{"self":[{"href":"https:\/\/jambosportsmarketing.com\/en\/wp-json\/wp\/v2\/pages\/16","targetHints":{"allow":["GET"]}}],"collection":[{"href":"https:\/\/jambosportsmarketing.com\/en\/wp-json\/wp\/v2\/pages"}],"about":[{"href":"https:\/\/jambosportsmarketing.com\/en\/wp-json\/wp\/v2\/types\/page"}],"author":[{"embeddable":true,"href":"https:\/\/jambosportsmarketing.com\/en\/wp-json\/wp\/v2\/users\/1"}],"replies":[{"embeddable":true,"href":"https:\/\/jambosportsmarketing.com\/en\/wp-json\/wp\/v2\/comments?post=16"}],"version-history":[{"count":2,"href":"https:\/\/jambosportsmarketing.com\/en\/wp-json\/wp\/v2\/pages\/16\/revisions"}],"predecessor-version":[{"id":301,"href":"https:\/\/jambosportsmarketing.com\/en\/wp-json\/wp\/v2\/pages\/16\/revisions\/301"}],"up":[{"embeddable":true,"href":"https:\/\/jambosportsmarketing.com\/en\/wp-json\/wp\/v2\/pages\/11"}],"wp:featuredmedia":[{"embeddable":true,"href":"https:\/\/jambosportsmarketing.com\/en\/wp-json\/wp\/v2\/media\/133"}],"wp:attachment":[{"href":"https:\/\/jambosportsmarketing.com\/en\/wp-json\/wp\/v2\/media?parent=16"}],"curies":[{"name":"wp","href":"https:\/\/api.w.org\/{rel}","templated":true}]}}